{"id":13,"date":"2020-12-24T16:39:32","date_gmt":"2020-12-24T16:39:32","guid":{"rendered":"http:\/\/the-legion-of-doom.club\/?page_id=13"},"modified":"2024-01-17T08:47:32","modified_gmt":"2024-01-17T08:47:32","slug":"legion","status":"publish","type":"page","link":"https:\/\/the-legion-of-doom.club\/fr\/","title":{"rendered":"The Legion of Doom"},"content":{"rendered":"<p>[vc_row css=\u00a0\u00bb.vc_custom_1608904264328{background-color: #000000 !important;}\u00a0\u00bb][vc_column][vc_raw_html]JTVCbWF4bWVnYW1lbnUlMjBsb2NhdGlvbiUzRHByaW1hcnklNUQ=[\/vc_raw_html][vc_empty_space height=\u00a0\u00bb100px\u00a0\u00bb][vc_custom_heading text=\u00a0\u00bbTHE LEGION OF DOOM\u00a0\u00bb font_container=\u00a0\u00bbtag:h1|font_size:60|text_align:center|color:%23ad2749&Prime; google_fonts=\u00a0\u00bbfont_family:Aldrich%3Aregular|font_style:400%20regular%3A400%3Anormal\u00a0\u00bb][vc_custom_heading text=\u00a0\u00bbNous d\u00e9testons les banques<br \/>\nNous sommes l\u00e9gion<br \/>\nNous ne pardonnons pas<br \/>\nNous n\u2019oublions pas<br \/>\nPr\u00e9parez-vous !\u00a0\u00bb font_container=\u00a0\u00bbtag:h1|font_size:30|text_align:center|color:%23ffffff\u00a0\u00bb google_fonts=\u00a0\u00bbfont_family:Aldrich%3Aregular|font_style:400%20regular%3A400%3Anormal\u00a0\u00bb][vc_separator color=\u00a0\u00bbjuicy_pink\u00a0\u00bb][vc_custom_heading text=\u00a0\u00bbSi tu en as le courage, sers-toi de notre syst\u00e8me pour contribuer \u00e0 notre guerre contre les institutions financi\u00e8res.<br \/>\nNous t\u2019offrons un acc\u00e8s administrateur aux serveurs dorsaux des banques, ce qui te permettra d\u2019effectuer des op\u00e9rations, \u00e0 condition de fournir les informations financi\u00e8res et personnelles n\u00e9cessaires.<br \/>\nNous ne pouvons pas te garantir que tes actions ne seront pas rep\u00e9r\u00e9es par la s\u00e9curit\u00e9 et la police !<br \/>\ns\u00e9curit\u00e9 et la police !\u00a0\u00bb font_container=\u00a0\u00bbtag:h3|font_size:20|text_align:center|color:%23ffffff\u00a0\u00bb google_fonts=\u00a0\u00bbfont_family:Alegreya%20Sans%20SC%3A100%2C100italic%2C300%2C300italic%2Cregular%2Citalic%2C500%2C500italic%2C700%2C700italic%2C800%2C800italic%2C900%2C900italic|font_style:400%20regular%3A400%3Anormal\u00a0\u00bb][vc_separator color=\u00a0\u00bbjuicy_pink\u00a0\u00bb][\/vc_column][\/vc_row][vc_row css=\u00a0\u00bb.vc_custom_1608904248165{background-color: #000000 !important;}\u00a0\u00bb][vc_column width=\u00a0\u00bb1\/4&Prime;][\/vc_column][vc_column width=\u00a0\u00bb1\/2&Prime;][vc_raw_html]JTNDJTIxRE9DVFlQRSUyMGh0bWwlM0UlMEElM0NodG1sJTNFJTBBJTNDc3R5bGUlM0UlMEElMEElM0MlMkZzdHlsZSUzRSUwQSUzQ2JvZHklM0UlMEElMEElM0NwJTIwc3R5bGUlM0QlMjJjb2xvciUzQXdoaXRlJTIyJTNFU0lURSUyMFdFQiUyMERFJTIwTEElMjBCQU5RVUUlMjBDSUJMJUMzJTg5RSUzQyUyRnAlM0UlMjAlMjAlMjAlM0NpbnB1dCUyMHR5cGUlM0QlMjJ0ZXh0JTIyJTIwaWQlM0QlMjJzTmFtZSUyMiUyMCUzRSUwQSUzQ2JyJTNFJTBBJTNDYnIlM0UlMEElM0NidXR0b24lMjBpZCUzRCUyMkJ1dHRvbiUyMiUyMG9uY2xpY2slM0QlMjJyZWFkX3RleHQlMjglMjklMjIlM0VOSVFVRSUyMENFVFRFJTIwQkFOUVVFJTIxJTNDJTJGYnV0dG9uJTNFJTIwJTBBJTNDYnIlM0UlMEElM0NiciUzRSUwQSUwQSUzQ3RleHRhcmVhJTIwaWQlM0QlMjJNeXRleHRib3glMjIlMjByb3dzJTNEJTIyMjAwJTIyJTIwY29scyUzRCUyMjkwJTIyJTIwc3R5bGUlM0QlMjJiYWNrZ3JvdW5kLWNvbG9yJTNBYmxhY2slM0IlMjBjb2xvciUzQXdoaXRlJTNCJTIyJTNFJTBBJTNDJTJGdGV4dGFyZWElM0UlMEElM0NiciUzRSUwQSUzQ2JyJTNFJTBBJTNDYnV0dG9uJTIwaWQlM0QlMjJCdXR0b24yJTIyJTIwb25jbGljayUzRCUyMm9wZW5fd2luZG93JTI4JTI5JTIyJTNFQWNjZXNzJTIwQWRtaW4lMjBQYW5lbCUyMCUyMCUzQyUyRmJ1dHRvbiUzRSUyMCUwQSUzQ2JyJTNFJTBBJTNDYnIlM0UlMEElMEElM0NzY3JpcHQlM0UlMEF2YXIlMjBpJTNCJTBBdmFyJTIwVGV4dEJveCUzRGRvY3VtZW50LmdldEVsZW1lbnRCeUlkJTI4JTIyTXl0ZXh0Ym94JTIyJTI5JTNCJTBBdmFyJTIwc2l0ZU5hbWUlM0QlMjIlMjIlM0IlMEF2YXIlMjBsaW5lcyUzRCUyMiUyMiUzQiUwQXZhciUyMGJ0biUyMCUzRCUyMGRvY3VtZW50LmdldEVsZW1lbnRCeUlkJTI4JTIyQnV0dG9uJTIyJTI5JTNCJTBBdmFyJTIwYnRuMiUyMCUzRCUyMGRvY3VtZW50LmdldEVsZW1lbnRCeUlkJTI4JTIyQnV0dG9uMiUyMiUyOSUzQiUwQWJ0bjIuc3R5bGUuZGlzcGxheSUyMCUzRCUyMCUyMm5vbmUlMjIlM0IlMEF2YXIlMjB0ZXh0aW5wdXQlM0QlMjJBdHRhcXVlJTIwbGFuYyVDMyVBOWUuLi4lMjIlMEElMkIlMjIlNUNuQ2libGUlM0ElMjIlMEElMkIlMjIlNUNuT3V0aWwlMjAlM0ElMjBBUEklMjBMZWdpb24lMjBvZiUyMERvb20lMjIlMEElMkIlMjIlNUNuUHJvdG9jb2xlJTIwJTNBJTIwSFRUUFMlMjIlMEElMkIlMjIlNUNuUHJvdG9jb2xlJTIwZCVFMiU4MCU5OWF1dGhlbnRpZmljYXRpb24lMjAlM0ElMjBDSEFQJTIyJTBBJTJCJTIyJTVDblJlcXUlQzMlQUF0ZSUyMENvbnRlbnQtVHlwZSUyMCUzQSUyMEF1dHJlJTIyJTBBJTJCJTIyJTVDblIlQzMlQTlwb25zZSUyMENvbnRlbnQtVHlwZSUyMCUzQSUyMEpTT04lMjIlMEElMkIlMjIlNUNuQ29ubmV4aW9uJTIwZW4lMjBjb3Vycy4uLi4lMjIlMEElMkIlMjIlNUNuU3VjYyVDMyVBOHMlMjIlMEElMkIlMjIlNUNuQXV0aGVudGlmaWNhdGlvbiUyMGVuJTIwY291cnMuLi4lMjIlMEElMkIlMjIlNUNuUHJvdG9jb2xlJTNBJTIwS2VyYmVyb3MlMjIlMEElMkIlMjIlNUNuTml2ZWF1JTIwZGUlMjBzJUMzJUE5Y3VyaXQlQzMlQTklMjAlM0ElMjA3JTIyJTBBJTJCJTIyJTVDbkQlQzMlQTlzYWN0aXZhdGlvbiUyMGRlcyUyMGJvdWNsaWVycyUyMGQlRTIlODAlOTlhdXRoZW50aWZpY2F0aW9uLi4uJTIyJTBBJTJCJTIyJTVDbkF1dGhlbnRpZmljYXRpb24lMjAlQzMlQTAlMjBkZXV4JTIwZmFjdGV1cnMlMjAlM0ElMjBkJUMzJUE5c2FjdGl2JUMzJUE5ZSUyMiUwQSUyQiUyMiU1Q25BdXRoZW50aWZpY2F0aW9uJTIwcGFyJTIwamV0b24lMjAlM0ElMjBkJUMzJUE5c2FjdGl2JUMzJUE5ZSUyMiUwQSUyQiUyMiU1Q25BdXRoZW50aWZpY2F0aW9uJTIwYmlvbSVDMyVBOXRyaXF1ZSUyMCUzQSUyMGQlQzMlQTlzYWN0aXYlQzMlQTllJTIyJTBBJTJCJTIyJTVDbkF1dGhlbnRpZmljYXRpb24lMjB0cmFuc2FjdGlvbiUyMCUzQSUyMGQlQzMlQTlzYWN0aXYlQzMlQTllJTIyJTBBJTJCJTIyJTVDbkF1dGhlbnRpZmljYXRpb24lMjByZWNvbm5haXNzYW5jZSUyMGluZm9ybWF0aXF1ZSUyMCUzQSUyMGQlQzMlQTlzYWN0aXYlQzMlQTllZCUyMiUwQSUyQiUyMiU1Q25BdXRoZW50aWZpY2F0aW9uJTIwdW5pcXVlJTIwJTNBJTIwZCVDMyVBOXNhY3RpdiVDMyVBOWUlMjIlMEElMkIlMjIlNUNuVG91cyUyMGJvdWNsaWVycyUyMGQlRTIlODAlOTlhdXRoZW50aWZpY2F0aW9uJTIwZCVDMyVBOXNhY3RpdiVDMyVBOXMlMjBhdmVjJTIwc3VjYyVDMyVBOHMlMjIlMEElMkIlMjIlNUNuQXV0b3Jpc2F0aW9uJTIwZCVFMiU4MCU5OWFjYyVDMyVBOHMlMjBlbiUyMGNvdXJzLi4uJTIyJTBBJTJCJTIyJTVDbkNvbnRvdXJuZW1lbnQlMjBjb2RlJTIwZCVFMiU4MCU5OWFjYyVDMyVBOHMlMjBzZXJ2ZXVyJTIwJTNBJTIwc3VjYyVDMyVBOHNzJTIyJTBBJTJCJTIyJTVDbkF1dG9yaXNhdGlvbiUyMGQlRTIlODAlOTlhY2MlQzMlQThzJTIwYWRtaW5pc3RyYXRldXIlMjBhdSUyMHNlcnZldXIlMjAlM0ElMjBzdWNjJUMzJUE4cyUyMiUwQSUyQiUyMiU1Q25Db25uZXhpb24lMjBhdSUyMHNlcnZldXIlMjBlbiUyMG1vZGUlMjBhZG1pbmlzdHJhdGV1ciUyMCUzQSUyMHN1Y2MlQzMlQThzJTIyJTBBJTBBJTBBZnVuY3Rpb24lMjByZWFkX3RleHQlMjglMjklMjAlN0IlMEElMjAlMjBpJTIwJTNEJTIwMCUzQiUwQSUyMCUyMFRleHRCb3gudmFsdWUlM0QlMjIlMjIlM0IlMEElMjAlMjBidG4uZGlzYWJsZWQlMjAlM0QlMjB0cnVlJTNCJTBBJTIwJTIwc2l0ZU5hbWUlM0Rkb2N1bWVudC5nZXRFbGVtZW50QnlJZCUyOCUyMnNOYW1lJTIyJTI5LnZhbHVlLnRvTG93ZXJDYXNlJTI4JTI5JTNCJTBBJTIwJTIwbGluZXMlMjAlM0QlMjB0ZXh0aW5wdXQuc3BsaXQlMjglMjclNUNuJTI3JTI5JTNCJTBBJTIwJTIwbGluZXMlNUIxJTVEJTJCJTNEc2l0ZU5hbWUlM0IlMEElMjAlMjBwcmludF9tZXNzYWdlJTI4JTI5JTNCJTBBJTdEJTBBJTBBZnVuY3Rpb24lMjBwcmludF9tZXNzYWdlJTI4JTI5JTIwJTdCJTIwJTIwJTIwJTIwJTBBJTBBJTIwJTIwJTIwJTIwdmFyJTIwaWQlMjAlM0QlMjBzZXRJbnRlcnZhbCUyOHBNc2clMkMlMjA1MDAlMjklM0IlMEElMjAlMjAlMjAlMjBmdW5jdGlvbiUyMHBNc2clMjglMjklMjAlN0IlMEElMjAlMjAlMjAlMjAlMjAlMjBUZXh0Qm94LnN0eWxlLmNvbG9yJTNEJTIwJTI3d2hpdGUlMjclM0IlMEElMjAlMjAlMjAlMjAlMjAlMjBpZiUyMCUyOGklMjAlM0QlM0QlMjBsaW5lcy5sZW5ndGglMjklMjAlN0IlMEElMjAlMjAlMjAlMjAlMjAlMjAlMjAlMjBpZiUyMCUyOCUyMXNpdGVOYW1lLmluY2x1ZGVzJTI4JTIyYnRjLXZhdWx0Lm1lJTIyJTJDMCUyOSUyOSUyMCU3QiUwQSUyMCUyMCUyMCUyMCUyMCUyMCUyMCUyMCUyMCUyMCUyMFRleHRCb3guc3R5bGUuY29sb3IlM0QlMjAlMjdyZWQlMjclM0IlMEElMjAlMjAlMjAlMjAlMjAlMjAlMjAlMjAlMjAlMjAlMjBUZXh0Qm94LnZhbHVlJTIwJTNEJTIwVGV4dEJveC52YWx1ZSUyMCUyQiUyMCUyMiU1Q25BY2MlQzMlQThzJTIwcmVmdXMlQzMlQTklMjElNUNuRUVycmV1ciUyMCUzQSUyMGJvdWNsaWVyJTIwZGUlMjBzJUMzJUE5Y3VyaXQlQzMlQTklMjBpbXByJUMzJUE5dnUlMjBkJUMzJUE5dGVjdCVDMyVBOS4lMjAlQzMlODljaGVjJTIwZGUlMjBsJUUyJTgwJTk5b3AlQzMlQTlyYXRpb24lMjElMjIlM0IlMjAlMEElMjAlMjAlMjAlMjAlMjAlMjAlMjAlMjAlMjAlMjAlMjBUZXh0Qm94LnNjcm9sbFRvcCUyMCUzRCUyMFRleHRCb3guc2Nyb2xsSGVpZ2h0JTNCJTBBJTIwJTIwJTIwJTIwJTIwJTIwJTIwJTIwJTdEJTIwZWxzZSUyMCU3QiUwQSUyMCUyMCUyMCUyMCUyMCUyMCUyMCUyMCUyMCUyMCUyMFRleHRCb3guc3R5bGUuY29sb3IlM0QlMjAlMjdncmVlbiUyNyUzQiUwQSUyMCUyMCUyMCUyMCUyMCUyMCUyMCUyMCUyMCUyMCUyMFRleHRCb3gudmFsdWUlMjAlM0QlMjBUZXh0Qm94LnZhbHVlJTIwJTJCJTIwJTIyJTVDbkFjYyVDMyVBOHMlMjBhdXRvcmlzJUMzJUE5Li4lNUNuVm91cyUyMGFsbGV6JTIwJUMzJUFBdHJlJTIwcmVkaXJpZyVDMyVBOSUyMHZlcnMlMjBsJUUyJTgwJTk5aW50ZXJmYWNlJTIwYWRtaW5pc3RyYXRldXIlMjBkZSUyMGxhJTIwYmFucXVlJTIwZGFucyUyMDMlMjBzLiUyMiUzQiUwQSUyMCUyMCUyMCUyMCUyMCUyMCUyMCUyMCUyMCUyMCUyMFRleHRCb3guc2Nyb2xsVG9wJTIwJTNEJTIwVGV4dEJveC5zY3JvbGxIZWlnaHQlM0IlMEElMjAlMjAlMjAlMjAlMjAlMjAlMjAlMjAlMjAlMjAlMjB2YXIlMjBpZDIlMjAlM0QlMjBzZXRJbnRlcnZhbCUyOHBIYWNrJTJDJTIwMzAwMCUyOSUzQiUyMCUwQSUyMCUyMCUyMCUyMCUyMCUyMCUyMCUyMCUyMCUyMCUyMGZ1bmN0aW9uJTIwcEhhY2slMjglMjklN0IlMEElMjAlMjAlMjAlMjAlMjAlMjAlMjAlMjAlMjAlMjAlMjAlMjAlMjAlMjB3aW5kb3cubG9jYXRpb24ucmVwbGFjZSUyOCUyMmh0dHAlM0ElMkYlMkZidGMtdmF1bHQubWUlMkZmciUyRmFkbWluc2Vzc2lvbi1ndWkwZ2sza2lzaXVnZ2YwNzg5MSUyMiUyOSUzQiUwQSUyMCUyMCUyMCUyMCUyMCUyMCUyMCUyMCUyMCUyMCUyMCU3RCUwQSUyMCUyMCUyMCUyMCUyMCUyMCUyMCUyMCU3RCUwQSUyMCUyMCUyMCUyMCUyMCUyMCUyMCUyMGJ0bi5kaXNhYmxlZCUyMCUzRCUyMGZhbHNlJTNCJTBBJTIwJTIwJTIwJTIwJTIwJTIwJTIwJTIwY2xlYXJJbnRlcnZhbCUyOGlkJTI5JTNCJTIwJTBBJTIwJTIwJTIwJTIwJTIwJTIwJTdEJTIwZWxzZSUyMCU3QiUwQSUyMCUyMCUyMCUyMCUyMCUyMCUyMCUyMFRleHRCb3gudmFsdWUlMjAlM0QlMjBUZXh0Qm94LnZhbHVlJTIwJTJCJTIwbGluZXMlNUJpJTVEJTJCJTIyJTVDbiUyMiUzQiUwQSUyMCUyMCUyMCUyMCUyMCUyMCUyMCUyMFRleHRCb3guc2Nyb2xsVG9wJTIwJTNEJTIwVGV4dEJveC5zY3JvbGxIZWlnaHQlM0IlMEElMjAlMjAlMjAlMjAlMjAlMjAlMjAlMjBpJTJCJTJCJTNCJTBBJTIwJTIwJTIwJTIwJTIwJTIwJTdEJTIwJTBBJTIwJTIwJTIwJTIwJTdEJTIwJTIwJTBBJTdEJTBBJTBBJTNDJTJGc2NyaXB0JTNFJTBBJTNDJTJGYm9keSUzRSUwQSUzQyUyRmh0bWwlM0U=[\/vc_raw_html][\/vc_column][vc_column width=\u00a0\u00bb1\/4&Prime;][\/vc_column][\/vc_row]<\/p>\n","protected":false},"excerpt":{"rendered":"<p>[vc_row css=\u00a0\u00bb.vc_custom_1608904264328{background-color: #000000 !important;}\u00a0\u00bb][vc_column][vc_raw_html]JTVCbWF4bWVnYW1lbnUlMjBsb2NhdGlvbiUzRHByaW1hcnklNUQ=[\/vc_raw_html][vc_empty_space height=\u00a0\u00bb100px\u00a0\u00bb][vc_custom_heading text=\u00a0\u00bbTHE LEGION OF DOOM\u00a0\u00bb font_container=\u00a0\u00bbtag:h1|font_size:60|text_align:center|color:%23ad2749&Prime; google_fonts=\u00a0\u00bbfont_family:Aldrich%3Aregular|font_style:400%20regular%3A400%3Anormal\u00a0\u00bb][vc_custom_heading text=\u00a0\u00bbNous d\u00e9testons les banques Nous sommes l\u00e9gion Nous ne pardonnons pas Nous n\u2019oublions pas Pr\u00e9parez-vous !\u00a0\u00bb font_container=\u00a0\u00bbtag:h1|font_size:30|text_align:center|color:%23ffffff\u00a0\u00bb google_fonts=\u00a0\u00bbfont_family:Aldrich%3Aregular|font_style:400%20regular%3A400%3Anormal\u00a0\u00bb][vc_separator color=\u00a0\u00bbjuicy_pink\u00a0\u00bb][vc_custom_heading text=\u00a0\u00bbSi tu en as le courage, sers-toi de notre syst\u00e8me pour contribuer \u00e0 notre guerre contre les institutions financi\u00e8res. Nous t\u2019offrons un acc\u00e8s administrateur aux [&hellip;]<\/p>\n","protected":false},"author":1,"featured_media":0,"parent":0,"menu_order":0,"comment_status":"closed","ping_status":"closed","template":"template-page-builder-no-header-footer.php","meta":{"footnotes":""},"class_list":["post-13","page","type-page","status-publish","hentry"],"_links":{"self":[{"href":"https:\/\/the-legion-of-doom.club\/fr\/wp-json\/wp\/v2\/pages\/13","targetHints":{"allow":["GET"]}}],"collection":[{"href":"https:\/\/the-legion-of-doom.club\/fr\/wp-json\/wp\/v2\/pages"}],"about":[{"href":"https:\/\/the-legion-of-doom.club\/fr\/wp-json\/wp\/v2\/types\/page"}],"author":[{"embeddable":true,"href":"https:\/\/the-legion-of-doom.club\/fr\/wp-json\/wp\/v2\/users\/1"}],"replies":[{"embeddable":true,"href":"https:\/\/the-legion-of-doom.club\/fr\/wp-json\/wp\/v2\/comments?post=13"}],"version-history":[{"count":83,"href":"https:\/\/the-legion-of-doom.club\/fr\/wp-json\/wp\/v2\/pages\/13\/revisions"}],"predecessor-version":[{"id":116,"href":"https:\/\/the-legion-of-doom.club\/fr\/wp-json\/wp\/v2\/pages\/13\/revisions\/116"}],"wp:attachment":[{"href":"https:\/\/the-legion-of-doom.club\/fr\/wp-json\/wp\/v2\/media?parent=13"}],"curies":[{"name":"wp","href":"https:\/\/api.w.org\/{rel}","templated":true}]}}